{"id":620,"date":"2022-08-01T15:30:06","date_gmt":"2022-08-01T13:30:06","guid":{"rendered":"https:\/\/demo-creayaya.fr\/refonteclient\/dienste\/"},"modified":"2022-10-20T18:31:00","modified_gmt":"2022-10-20T16:31:00","slug":"dienste","status":"publish","type":"page","link":"https:\/\/www.camping-jonquilles.com\/de\/dienste\/","title":{"rendered":"Dienste"},"content":{"rendered":"\t\t<div data-elementor-type=\"wp-page\" data-elementor-id=\"620\" class=\"elementor elementor-620 elementor-175\" data-elementor-post-type=\"page\">\n\t\t\t\t\t\t<section class=\"elementor-section elementor-top-section elementor-element elementor-element-6d9c45d6 elementor-section-full_width elementor-section-height-min-height elementor-section-height-default elementor-section-items-middle\" data-id=\"6d9c45d6\" data-element_type=\"section\" data-e-type=\"section\">\n\t\t\t\t\t\t<div class=\"elementor-container elementor-column-gap-default\">\n\t\t\t\t\t<div class=\"elementor-column elementor-col-100 elementor-top-column elementor-element elementor-element-59444d14\" data-id=\"59444d14\" data-element_type=\"column\" data-e-type=\"column\">\n\t\t\t<div class=\"elementor-widget-wrap elementor-element-populated\">\n\t\t\t\t\t\t\t<\/div>\n\t\t<\/div>\n\t\t\t\t\t<\/div>\n\t\t<\/section>\n\t\t\t\t<section class=\"elementor-section elementor-top-section elementor-element elementor-element-625138e9 elementor-section-boxed elementor-section-height-default elementor-section-height-default\" data-id=\"625138e9\" data-element_type=\"section\" data-e-type=\"section\">\n\t\t\t\t\t\t<div class=\"elementor-container elementor-column-gap-default\">\n\t\t\t\t\t<div class=\"elementor-column elementor-col-100 elementor-top-column elementor-element elementor-element-2fa5a210\" data-id=\"2fa5a210\" data-element_type=\"column\" data-e-type=\"column\">\n\t\t\t<div class=\"elementor-widget-wrap elementor-element-populated\">\n\t\t\t\t\t\t<section class=\"elementor-section elementor-inner-section elementor-element elementor-element-72b0237d elementor-section-height-min-height elementor-section-content-middle elementor-section-boxed elementor-section-height-default\" data-id=\"72b0237d\" data-element_type=\"section\" data-e-type=\"section\">\n\t\t\t\t\t\t<div class=\"elementor-container elementor-column-gap-no\">\n\t\t\t\t\t<div class=\"elementor-column elementor-col-50 elementor-inner-column elementor-element elementor-element-7092da91\" data-id=\"7092da91\" data-element_type=\"column\" data-e-type=\"column\" data-settings=\"{&quot;background_background&quot;:&quot;classic&quot;}\">\n\t\t\t<div class=\"elementor-widget-wrap elementor-element-populated\">\n\t\t\t\t\t\t<div class=\"elementor-element elementor-element-4060c92a elementor-widget elementor-widget-heading\" data-id=\"4060c92a\" data-element_type=\"widget\" data-e-type=\"widget\" data-widget_type=\"heading.default\">\n\t\t\t\t<div class=\"elementor-widget-container\">\n\t\t\t\t\t<h1 class=\"elementor-heading-title elementor-size-default\">DER CAMPINGPLATZ LES JONQUILLES, DAS IST AUCH...<\/h1>\t\t\t\t<\/div>\n\t\t\t\t<\/div>\n\t\t\t\t\t<\/div>\n\t\t<\/div>\n\t\t\t\t<div class=\"elementor-column elementor-col-50 elementor-inner-column elementor-element elementor-element-5445ea39\" data-id=\"5445ea39\" data-element_type=\"column\" data-e-type=\"column\" data-settings=\"{&quot;background_background&quot;:&quot;classic&quot;}\">\n\t\t\t<div class=\"elementor-widget-wrap elementor-element-populated\">\n\t\t\t\t\t\t<div class=\"elementor-element elementor-element-e146b4c elementor-shape-circle elementor-grid-0 e-grid-align-center elementor-widget elementor-widget-social-icons\" data-id=\"e146b4c\" data-element_type=\"widget\" data-e-type=\"widget\" data-widget_type=\"social-icons.default\">\n\t\t\t\t<div class=\"elementor-widget-container\">\n\t\t\t\t\t\t\t<div class=\"elementor-social-icons-wrapper elementor-grid\" role=\"list\">\n\t\t\t\t\t\t\t<span class=\"elementor-grid-item\" role=\"listitem\">\n\t\t\t\t\t<a class=\"elementor-icon elementor-social-icon elementor-social-icon-facebook elementor-animation-grow elementor-repeater-item-1d9856f\" href=\"https:\/\/www.facebook.com\/lesjonquilles\/\" target=\"_blank\">\n\t\t\t\t\t\t<span class=\"elementor-screen-only\">Facebook<\/span>\n\t\t\t\t\t\t<i aria-hidden=\"true\" class=\"fab fa-facebook\"><\/i>\t\t\t\t\t<\/a>\n\t\t\t\t<\/span>\n\t\t\t\t\t\t\t<span class=\"elementor-grid-item\" role=\"listitem\">\n\t\t\t\t\t<a class=\"elementor-icon elementor-social-icon elementor-social-icon-twitter elementor-animation-grow elementor-repeater-item-0942cc1\" href=\"https:\/\/twitter.com\/campjonquilles?lang=fr\" target=\"_blank\">\n\t\t\t\t\t\t<span class=\"elementor-screen-only\">Twitter<\/span>\n\t\t\t\t\t\t<i aria-hidden=\"true\" class=\"fab fa-twitter\"><\/i>\t\t\t\t\t<\/a>\n\t\t\t\t<\/span>\n\t\t\t\t\t\t\t<span class=\"elementor-grid-item\" role=\"listitem\">\n\t\t\t\t\t<a class=\"elementor-icon elementor-social-icon elementor-social-icon-camera-retro elementor-animation-grow elementor-repeater-item-1f12d8d\" target=\"_blank\">\n\t\t\t\t\t\t<span class=\"elementor-screen-only\">Camera-retro<\/span>\n\t\t\t\t\t\t<i aria-hidden=\"true\" class=\"fas fa-camera-retro\"><\/i>\t\t\t\t\t<\/a>\n\t\t\t\t<\/span>\n\t\t\t\t\t<\/div>\n\t\t\t\t\t\t<\/div>\n\t\t\t\t<\/div>\n\t\t\t\t\t<\/div>\n\t\t<\/div>\n\t\t\t\t\t<\/div>\n\t\t<\/section>\n\t\t\t\t\t<\/div>\n\t\t<\/div>\n\t\t\t\t\t<\/div>\n\t\t<\/section>\n\t\t\t\t<section class=\"elementor-section elementor-top-section elementor-element elementor-element-124b9d3e elementor-section-content-middle elementor-section-boxed elementor-section-height-default elementor-section-height-default\" data-id=\"124b9d3e\" data-element_type=\"section\" data-e-type=\"section\">\n\t\t\t\t\t\t<div class=\"elementor-container elementor-column-gap-default\">\n\t\t\t\t\t<div class=\"elementor-column elementor-col-50 elementor-top-column elementor-element elementor-element-6ef846af\" data-id=\"6ef846af\" data-element_type=\"column\" data-e-type=\"column\">\n\t\t\t<div class=\"elementor-widget-wrap elementor-element-populated\">\n\t\t\t\t\t\t<div class=\"elementor-element elementor-element-24b34e79 elementor-widget elementor-widget-image\" data-id=\"24b34e79\" data-element_type=\"widget\" data-e-type=\"widget\" data-widget_type=\"image.default\">\n\t\t\t\t<div class=\"elementor-widget-container\">\n\t\t\t\t\t\t\t\t\t\t\t\t\t\t\t<img fetchpriority=\"high\" decoding=\"async\" width=\"1024\" height=\"683\" src=\"https:\/\/www.camping-jonquilles.com\/wp-content\/uploads\/2022\/08\/La-reception-lepicerie-et-le-bar-snack-du-camping-1024x683.jpg\" class=\"attachment-large size-large wp-image-272\" alt=\"\" srcset=\"https:\/\/www.camping-jonquilles.com\/wp-content\/uploads\/2022\/08\/La-reception-lepicerie-et-le-bar-snack-du-camping-1024x683.jpg 1024w, https:\/\/www.camping-jonquilles.com\/wp-content\/uploads\/2022\/08\/La-reception-lepicerie-et-le-bar-snack-du-camping-300x200.jpg 300w, https:\/\/www.camping-jonquilles.com\/wp-content\/uploads\/2022\/08\/La-reception-lepicerie-et-le-bar-snack-du-camping-768x512.jpg 768w, https:\/\/www.camping-jonquilles.com\/wp-content\/uploads\/2022\/08\/La-reception-lepicerie-et-le-bar-snack-du-camping-1536x1024.jpg 1536w, https:\/\/www.camping-jonquilles.com\/wp-content\/uploads\/2022\/08\/La-reception-lepicerie-et-le-bar-snack-du-camping.jpg 1920w\" sizes=\"(max-width: 1024px) 100vw, 1024px\" \/>\t\t\t\t\t\t\t\t\t\t\t\t\t\t\t<\/div>\n\t\t\t\t<\/div>\n\t\t\t\t\t<\/div>\n\t\t<\/div>\n\t\t\t\t<div class=\"elementor-column elementor-col-50 elementor-top-column elementor-element elementor-element-62b957b9\" data-id=\"62b957b9\" data-element_type=\"column\" data-e-type=\"column\">\n\t\t\t<div class=\"elementor-widget-wrap elementor-element-populated\">\n\t\t\t\t\t\t<div class=\"elementor-element elementor-element-339d85e7 elementor-widget elementor-widget-text-editor\" data-id=\"339d85e7\" data-element_type=\"widget\" data-e-type=\"widget\" data-widget_type=\"text-editor.default\">\n\t\t\t\t<div class=\"elementor-widget-container\">\n\t\t\t\t\t\t\t\t\t<p><strong>Bar Les Jonquilles :<\/strong><\/p>\n<p>Bietet die ganze Saison \u00fcber Animationen, Konzerte, Themenabende und seine festliche Geselligkeit.<\/p>\n<p><strong>Imbiss Les Jonquilles :<\/strong><\/p>\n<p>Nonstop ge\u00f6ffnet, wo Ihnen t\u00e4glich Pommes frites, Cr\u00eaperie und Fertiggerichte angeboten werden.<\/p>\n<p><strong>Der durchgehend ge\u00f6ffnete Minimarkt :<\/strong><\/p>\n<p>Mit t\u00e4glicher Brot- und Geb\u00e4ckabgabe, regionalen Produkten: aus den Vogesen, Lothringen und dem Elsass, Erfrischungsgetr\u00e4nken, Lebensmitteln, Eiscremebroten und verschiedenen Postkarten, Wanderf\u00fchrern.<\/p>\n<p><strong>Mit der Natur verbunden :<\/strong><\/p>\n<p>Wir bieten kostenloses und zeitlich unbegrenztes Wi-Fi rund um die Rezeption und die Snackbar. Aus \u00f6kologischen und kommerziellen Gr\u00fcnden ist es auf den Stellpl\u00e4tzen nicht verf\u00fcgbar, wir verf\u00fcgen jedoch \u00fcber einen guten Handyempfang.<\/p>\n\t\t\t\t\t\t\t\t<\/div>\n\t\t\t\t<\/div>\n\t\t\t\t\t<\/div>\n\t\t<\/div>\n\t\t\t\t\t<\/div>\n\t\t<\/section>\n\t\t\t\t<section class=\"elementor-section elementor-top-section elementor-element elementor-element-42fa2b97 elementor-section-boxed elementor-section-height-default elementor-section-height-default\" data-id=\"42fa2b97\" data-element_type=\"section\" data-e-type=\"section\">\n\t\t\t\t\t\t<div class=\"elementor-container elementor-column-gap-default\">\n\t\t\t\t\t<div class=\"elementor-column elementor-col-100 elementor-top-column elementor-element elementor-element-70e71f24\" data-id=\"70e71f24\" data-element_type=\"column\" data-e-type=\"column\">\n\t\t\t<div class=\"elementor-widget-wrap elementor-element-populated\">\n\t\t\t\t\t\t<div class=\"elementor-element elementor-element-0ede488 elementor-widget elementor-widget-spacer\" data-id=\"0ede488\" data-element_type=\"widget\" data-e-type=\"widget\" data-widget_type=\"spacer.default\">\n\t\t\t\t<div class=\"elementor-widget-container\">\n\t\t\t\t\t\t\t<div class=\"elementor-spacer\">\n\t\t\t<div class=\"elementor-spacer-inner\"><\/div>\n\t\t<\/div>\n\t\t\t\t\t\t<\/div>\n\t\t\t\t<\/div>\n\t\t\t\t\t<\/div>\n\t\t<\/div>\n\t\t\t\t\t<\/div>\n\t\t<\/section>\n\t\t\t\t<section class=\"elementor-section elementor-top-section elementor-element elementor-element-4fa45863 elementor-section-boxed elementor-section-height-default elementor-section-height-default\" data-id=\"4fa45863\" data-element_type=\"section\" data-e-type=\"section\">\n\t\t\t\t\t\t<div class=\"elementor-container elementor-column-gap-default\">\n\t\t\t\t\t<div class=\"elementor-column elementor-col-100 elementor-top-column elementor-element elementor-element-190c412d\" data-id=\"190c412d\" data-element_type=\"column\" data-e-type=\"column\">\n\t\t\t<div class=\"elementor-widget-wrap elementor-element-populated\">\n\t\t\t\t\t\t<div class=\"elementor-element elementor-element-4d60586f elementor-widget elementor-widget-html\" data-id=\"4d60586f\" data-element_type=\"widget\" data-e-type=\"widget\" data-widget_type=\"html.default\">\n\t\t\t\t<div class=\"elementor-widget-container\">\n\t\t\t\t\t<thr-categories type=\"camping\"><\/thr-categories>\t\t\t\t<\/div>\n\t\t\t\t<\/div>\n\t\t\t\t\t<\/div>\n\t\t<\/div>\n\t\t\t\t\t<\/div>\n\t\t<\/section>\n\t\t\t\t<\/div>\n\t\t","protected":false},"excerpt":{"rendered":"<p>DER CAMPINGPLATZ LES JONQUILLES, DAS IST AUCH&#8230; Facebook Twitter Camera-retro Bar Les Jonquilles : Bietet die ganze Saison \u00fcber Animationen, Konzerte, Themenabende und seine festliche Geselligkeit. Imbiss Les Jonquilles : Nonstop ge\u00f6ffnet, wo Ihnen t\u00e4glich Pommes frites, Cr\u00eaperie und Fertiggerichte angeboten werden. Der durchgehend ge\u00f6ffnete Minimarkt : Mit t\u00e4glicher Brot- und Geb\u00e4ckabgabe, regionalen Produkten: aus [&hellip;]<\/p>\n","protected":false},"author":1,"featured_media":0,"parent":0,"menu_order":0,"comment_status":"closed","ping_status":"closed","template":"","meta":{"ocean_post_layout":"full-screen","ocean_both_sidebars_style":"","ocean_both_sidebars_content_width":0,"ocean_both_sidebars_sidebars_width":0,"ocean_sidebar":"0","ocean_second_sidebar":"0","ocean_disable_margins":"enable","ocean_add_body_class":"","ocean_shortcode_before_top_bar":"","ocean_shortcode_after_top_bar":"","ocean_shortcode_before_header":"","ocean_shortcode_after_header":"","ocean_has_shortcode":"","ocean_shortcode_after_title":"","ocean_shortcode_before_footer_widgets":"","ocean_shortcode_after_footer_widgets":"","ocean_shortcode_before_footer_bottom":"","ocean_shortcode_after_footer_bottom":"","ocean_display_top_bar":"default","ocean_display_header":"default","ocean_header_style":"","ocean_center_header_left_menu":"0","ocean_custom_header_template":"0","ocean_custom_logo":0,"ocean_custom_retina_logo":0,"ocean_custom_logo_max_width":0,"ocean_custom_logo_tablet_max_width":0,"ocean_custom_logo_mobile_max_width":0,"ocean_custom_logo_max_height":0,"ocean_custom_logo_tablet_max_height":0,"ocean_custom_logo_mobile_max_height":0,"ocean_header_custom_menu":"0","ocean_menu_typo_font_family":"0","ocean_menu_typo_font_subset":"","ocean_menu_typo_font_size":0,"ocean_menu_typo_font_size_tablet":0,"ocean_menu_typo_font_size_mobile":0,"ocean_menu_typo_font_size_unit":"px","ocean_menu_typo_font_weight":"","ocean_menu_typo_font_weight_tablet":"","ocean_menu_typo_font_weight_mobile":"","ocean_menu_typo_transform":"","ocean_menu_typo_transform_tablet":"","ocean_menu_typo_transform_mobile":"","ocean_menu_typo_line_height":0,"ocean_menu_typo_line_height_tablet":0,"ocean_menu_typo_line_height_mobile":0,"ocean_menu_typo_line_height_unit":"","ocean_menu_typo_spacing":0,"ocean_menu_typo_spacing_tablet":0,"ocean_menu_typo_spacing_mobile":0,"ocean_menu_typo_spacing_unit":"","ocean_menu_link_color":"","ocean_menu_link_color_hover":"","ocean_menu_link_color_active":"","ocean_menu_link_background":"","ocean_menu_link_hover_background":"","ocean_menu_link_active_background":"","ocean_menu_social_links_bg":"","ocean_menu_social_hover_links_bg":"","ocean_menu_social_links_color":"","ocean_menu_social_hover_links_color":"","ocean_disable_title":"on","ocean_disable_heading":"default","ocean_post_title":"","ocean_post_subheading":"","ocean_post_title_style":"","ocean_post_title_background_color":"","ocean_post_title_background":0,"ocean_post_title_bg_image_position":"","ocean_post_title_bg_image_attachment":"","ocean_post_title_bg_image_repeat":"","ocean_post_title_bg_image_size":"","ocean_post_title_height":0,"ocean_post_title_bg_overlay":0.5,"ocean_post_title_bg_overlay_color":"","ocean_disable_breadcrumbs":"default","ocean_breadcrumbs_color":"","ocean_breadcrumbs_separator_color":"","ocean_breadcrumbs_links_color":"","ocean_breadcrumbs_links_hover_color":"","ocean_display_footer_widgets":"default","ocean_display_footer_bottom":"default","ocean_custom_footer_template":"0","osh_disable_topbar_sticky":"default","osh_disable_header_sticky":"default","osh_sticky_header_style":"default","osh_sticky_header_effect":"","osh_custom_sticky_logo":0,"osh_custom_retina_sticky_logo":0,"osh_custom_sticky_logo_height":0,"osh_background_color":"","osh_links_color":"","osh_links_hover_color":"","osh_links_active_color":"","osh_links_bg_color":"","osh_links_hover_bg_color":"","osh_links_active_bg_color":"","osh_menu_social_links_color":"","osh_menu_social_hover_links_color":"","footnotes":""},"class_list":["post-620","page","type-page","status-publish","hentry","entry"],"yoast_head":"<!-- This site is optimized with the Yoast SEO plugin v27.4 - https:\/\/yoast.com\/product\/yoast-seo-wordpress\/ -->\n<title>Camping les Jonquilles Vosges - Dienstleistungen<\/title>\n<meta name=\"description\" content=\"Alle angebotenen Dienstleistungen auf dem Naturcampingplatz ohne Mobilheim am See von Longemer in den Vogesen\" \/>\n<meta name=\"robots\" content=\"index, follow, max-snippet:-1, max-image-preview:large, max-video-preview:-1\" \/>\n<link rel=\"canonical\" href=\"https:\/\/www.camping-jonquilles.com\/de\/dienste\/\" \/>\n<meta property=\"og:locale\" content=\"de_DE\" \/>\n<meta property=\"og:type\" content=\"article\" \/>\n<meta property=\"og:title\" content=\"Camping les Jonquilles Vosges - Dienstleistungen\" \/>\n<meta property=\"og:description\" content=\"Alle angebotenen Dienstleistungen auf dem Naturcampingplatz ohne Mobilheim am See von Longemer in den Vogesen\" \/>\n<meta property=\"og:url\" content=\"https:\/\/www.camping-jonquilles.com\/de\/dienste\/\" \/>\n<meta property=\"og:site_name\" content=\"Camping les Jonquilles Vosges - Xonrupt - Gerardmer\" \/>\n<meta property=\"article:modified_time\" content=\"2022-10-20T16:31:00+00:00\" \/>\n<meta property=\"og:image\" content=\"https:\/\/www.camping-jonquilles.com\/wp-content\/uploads\/2022\/08\/La-reception-lepicerie-et-le-bar-snack-du-camping-1024x683.jpg\" \/>\n<meta name=\"twitter:card\" content=\"summary_large_image\" \/>\n<meta name=\"twitter:label1\" content=\"Gesch\u00e4tzte Lesezeit\" \/>\n\t<meta name=\"twitter:data1\" content=\"1\u00a0Minute\" \/>\n<script type=\"application\/ld+json\" class=\"yoast-schema-graph\">{\"@context\":\"https:\\\/\\\/schema.org\",\"@graph\":[{\"@type\":\"WebPage\",\"@id\":\"https:\\\/\\\/www.camping-jonquilles.com\\\/de\\\/dienste\\\/\",\"url\":\"https:\\\/\\\/www.camping-jonquilles.com\\\/de\\\/dienste\\\/\",\"name\":\"Camping les Jonquilles Vosges - Dienstleistungen\",\"isPartOf\":{\"@id\":\"https:\\\/\\\/www.camping-jonquilles.com\\\/de\\\/#website\"},\"primaryImageOfPage\":{\"@id\":\"https:\\\/\\\/www.camping-jonquilles.com\\\/de\\\/dienste\\\/#primaryimage\"},\"image\":{\"@id\":\"https:\\\/\\\/www.camping-jonquilles.com\\\/de\\\/dienste\\\/#primaryimage\"},\"thumbnailUrl\":\"https:\\\/\\\/www.camping-jonquilles.com\\\/wp-content\\\/uploads\\\/2022\\\/08\\\/La-reception-lepicerie-et-le-bar-snack-du-camping-1024x683.jpg\",\"datePublished\":\"2022-08-01T13:30:06+00:00\",\"dateModified\":\"2022-10-20T16:31:00+00:00\",\"description\":\"Alle angebotenen Dienstleistungen auf dem Naturcampingplatz ohne Mobilheim am See von Longemer in den Vogesen\",\"breadcrumb\":{\"@id\":\"https:\\\/\\\/www.camping-jonquilles.com\\\/de\\\/dienste\\\/#breadcrumb\"},\"inLanguage\":\"de\",\"potentialAction\":[{\"@type\":\"ReadAction\",\"target\":[\"https:\\\/\\\/www.camping-jonquilles.com\\\/de\\\/dienste\\\/\"]}]},{\"@type\":\"ImageObject\",\"inLanguage\":\"de\",\"@id\":\"https:\\\/\\\/www.camping-jonquilles.com\\\/de\\\/dienste\\\/#primaryimage\",\"url\":\"https:\\\/\\\/www.camping-jonquilles.com\\\/wp-content\\\/uploads\\\/2022\\\/08\\\/La-reception-lepicerie-et-le-bar-snack-du-camping-1024x683.jpg\",\"contentUrl\":\"https:\\\/\\\/www.camping-jonquilles.com\\\/wp-content\\\/uploads\\\/2022\\\/08\\\/La-reception-lepicerie-et-le-bar-snack-du-camping-1024x683.jpg\"},{\"@type\":\"BreadcrumbList\",\"@id\":\"https:\\\/\\\/www.camping-jonquilles.com\\\/de\\\/dienste\\\/#breadcrumb\",\"itemListElement\":[{\"@type\":\"ListItem\",\"position\":1,\"name\":\"Accueil\",\"item\":\"https:\\\/\\\/www.camping-jonquilles.com\\\/de\\\/startseite\\\/\"},{\"@type\":\"ListItem\",\"position\":2,\"name\":\"Dienste\"}]},{\"@type\":\"WebSite\",\"@id\":\"https:\\\/\\\/www.camping-jonquilles.com\\\/de\\\/#website\",\"url\":\"https:\\\/\\\/www.camping-jonquilles.com\\\/de\\\/\",\"name\":\"Camping les Jonquilles Vosges - Xonrupt - Gerardmer\",\"description\":\"Camping Nature sans Mobil home au bord du lac de Xonrupt Longemer \u00e0 10 minutes de G\u00e9rardmer\",\"publisher\":{\"@id\":\"https:\\\/\\\/www.camping-jonquilles.com\\\/de\\\/#organization\"},\"potentialAction\":[{\"@type\":\"SearchAction\",\"target\":{\"@type\":\"EntryPoint\",\"urlTemplate\":\"https:\\\/\\\/www.camping-jonquilles.com\\\/de\\\/?s={search_term_string}\"},\"query-input\":{\"@type\":\"PropertyValueSpecification\",\"valueRequired\":true,\"valueName\":\"search_term_string\"}}],\"inLanguage\":\"de\"},{\"@type\":\"Organization\",\"@id\":\"https:\\\/\\\/www.camping-jonquilles.com\\\/de\\\/#organization\",\"name\":\"Camping les Jonquilles Vosges - Xonrupt - Gerardmer\",\"url\":\"https:\\\/\\\/www.camping-jonquilles.com\\\/de\\\/\",\"logo\":{\"@type\":\"ImageObject\",\"inLanguage\":\"de\",\"@id\":\"https:\\\/\\\/www.camping-jonquilles.com\\\/de\\\/#\\\/schema\\\/logo\\\/image\\\/\",\"url\":\"https:\\\/\\\/www.camping-jonquilles.com\\\/wp-content\\\/uploads\\\/2022\\\/07\\\/logo-camping-jonquilles.png\",\"contentUrl\":\"https:\\\/\\\/www.camping-jonquilles.com\\\/wp-content\\\/uploads\\\/2022\\\/07\\\/logo-camping-jonquilles.png\",\"width\":253,\"height\":214,\"caption\":\"Camping les Jonquilles Vosges - Xonrupt - Gerardmer\"},\"image\":{\"@id\":\"https:\\\/\\\/www.camping-jonquilles.com\\\/de\\\/#\\\/schema\\\/logo\\\/image\\\/\"}}]}<\/script>\n<!-- \/ Yoast SEO plugin. -->","yoast_head_json":{"title":"Camping les Jonquilles Vosges - Dienstleistungen","description":"Alle angebotenen Dienstleistungen auf dem Naturcampingplatz ohne Mobilheim am See von Longemer in den Vogesen","robots":{"index":"index","follow":"follow","max-snippet":"max-snippet:-1","max-image-preview":"max-image-preview:large","max-video-preview":"max-video-preview:-1"},"canonical":"https:\/\/www.camping-jonquilles.com\/de\/dienste\/","og_locale":"de_DE","og_type":"article","og_title":"Camping les Jonquilles Vosges - Dienstleistungen","og_description":"Alle angebotenen Dienstleistungen auf dem Naturcampingplatz ohne Mobilheim am See von Longemer in den Vogesen","og_url":"https:\/\/www.camping-jonquilles.com\/de\/dienste\/","og_site_name":"Camping les Jonquilles Vosges - Xonrupt - Gerardmer","article_modified_time":"2022-10-20T16:31:00+00:00","og_image":[{"url":"https:\/\/www.camping-jonquilles.com\/wp-content\/uploads\/2022\/08\/La-reception-lepicerie-et-le-bar-snack-du-camping-1024x683.jpg","type":"","width":"","height":""}],"twitter_card":"summary_large_image","twitter_misc":{"Gesch\u00e4tzte Lesezeit":"1\u00a0Minute"},"schema":{"@context":"https:\/\/schema.org","@graph":[{"@type":"WebPage","@id":"https:\/\/www.camping-jonquilles.com\/de\/dienste\/","url":"https:\/\/www.camping-jonquilles.com\/de\/dienste\/","name":"Camping les Jonquilles Vosges - Dienstleistungen","isPartOf":{"@id":"https:\/\/www.camping-jonquilles.com\/de\/#website"},"primaryImageOfPage":{"@id":"https:\/\/www.camping-jonquilles.com\/de\/dienste\/#primaryimage"},"image":{"@id":"https:\/\/www.camping-jonquilles.com\/de\/dienste\/#primaryimage"},"thumbnailUrl":"https:\/\/www.camping-jonquilles.com\/wp-content\/uploads\/2022\/08\/La-reception-lepicerie-et-le-bar-snack-du-camping-1024x683.jpg","datePublished":"2022-08-01T13:30:06+00:00","dateModified":"2022-10-20T16:31:00+00:00","description":"Alle angebotenen Dienstleistungen auf dem Naturcampingplatz ohne Mobilheim am See von Longemer in den Vogesen","breadcrumb":{"@id":"https:\/\/www.camping-jonquilles.com\/de\/dienste\/#breadcrumb"},"inLanguage":"de","potentialAction":[{"@type":"ReadAction","target":["https:\/\/www.camping-jonquilles.com\/de\/dienste\/"]}]},{"@type":"ImageObject","inLanguage":"de","@id":"https:\/\/www.camping-jonquilles.com\/de\/dienste\/#primaryimage","url":"https:\/\/www.camping-jonquilles.com\/wp-content\/uploads\/2022\/08\/La-reception-lepicerie-et-le-bar-snack-du-camping-1024x683.jpg","contentUrl":"https:\/\/www.camping-jonquilles.com\/wp-content\/uploads\/2022\/08\/La-reception-lepicerie-et-le-bar-snack-du-camping-1024x683.jpg"},{"@type":"BreadcrumbList","@id":"https:\/\/www.camping-jonquilles.com\/de\/dienste\/#breadcrumb","itemListElement":[{"@type":"ListItem","position":1,"name":"Accueil","item":"https:\/\/www.camping-jonquilles.com\/de\/startseite\/"},{"@type":"ListItem","position":2,"name":"Dienste"}]},{"@type":"WebSite","@id":"https:\/\/www.camping-jonquilles.com\/de\/#website","url":"https:\/\/www.camping-jonquilles.com\/de\/","name":"Camping les Jonquilles Vosges - Xonrupt - Gerardmer","description":"Camping Nature sans Mobil home au bord du lac de Xonrupt Longemer \u00e0 10 minutes de G\u00e9rardmer","publisher":{"@id":"https:\/\/www.camping-jonquilles.com\/de\/#organization"},"potentialAction":[{"@type":"SearchAction","target":{"@type":"EntryPoint","urlTemplate":"https:\/\/www.camping-jonquilles.com\/de\/?s={search_term_string}"},"query-input":{"@type":"PropertyValueSpecification","valueRequired":true,"valueName":"search_term_string"}}],"inLanguage":"de"},{"@type":"Organization","@id":"https:\/\/www.camping-jonquilles.com\/de\/#organization","name":"Camping les Jonquilles Vosges - Xonrupt - Gerardmer","url":"https:\/\/www.camping-jonquilles.com\/de\/","logo":{"@type":"ImageObject","inLanguage":"de","@id":"https:\/\/www.camping-jonquilles.com\/de\/#\/schema\/logo\/image\/","url":"https:\/\/www.camping-jonquilles.com\/wp-content\/uploads\/2022\/07\/logo-camping-jonquilles.png","contentUrl":"https:\/\/www.camping-jonquilles.com\/wp-content\/uploads\/2022\/07\/logo-camping-jonquilles.png","width":253,"height":214,"caption":"Camping les Jonquilles Vosges - Xonrupt - Gerardmer"},"image":{"@id":"https:\/\/www.camping-jonquilles.com\/de\/#\/schema\/logo\/image\/"}}]}},"_links":{"self":[{"href":"https:\/\/www.camping-jonquilles.com\/de\/wp-json\/wp\/v2\/pages\/620","targetHints":{"allow":["GET"]}}],"collection":[{"href":"https:\/\/www.camping-jonquilles.com\/de\/wp-json\/wp\/v2\/pages"}],"about":[{"href":"https:\/\/www.camping-jonquilles.com\/de\/wp-json\/wp\/v2\/types\/page"}],"author":[{"embeddable":true,"href":"https:\/\/www.camping-jonquilles.com\/de\/wp-json\/wp\/v2\/users\/1"}],"replies":[{"embeddable":true,"href":"https:\/\/www.camping-jonquilles.com\/de\/wp-json\/wp\/v2\/comments?post=620"}],"version-history":[{"count":2,"href":"https:\/\/www.camping-jonquilles.com\/de\/wp-json\/wp\/v2\/pages\/620\/revisions"}],"predecessor-version":[{"id":870,"href":"https:\/\/www.camping-jonquilles.com\/de\/wp-json\/wp\/v2\/pages\/620\/revisions\/870"}],"wp:attachment":[{"href":"https:\/\/www.camping-jonquilles.com\/de\/wp-json\/wp\/v2\/media?parent=620"}],"curies":[{"name":"wp","href":"https:\/\/api.w.org\/{rel}","templated":true}]}}