{"id":608,"date":"2022-08-01T13:55:53","date_gmt":"2022-08-01T11:55:53","guid":{"rendered":"https:\/\/demo-creayaya.fr\/refonteclient\/campingplatz\/"},"modified":"2022-10-20T17:32:45","modified_gmt":"2022-10-20T15:32:45","slug":"campingplatz","status":"publish","type":"page","link":"https:\/\/www.camping-jonquilles.com\/de\/campingplatz\/","title":{"rendered":"Campingplatz"},"content":{"rendered":"\t\t<div data-elementor-type=\"wp-page\" data-elementor-id=\"608\" class=\"elementor elementor-608 elementor-141\" data-elementor-post-type=\"page\">\n\t\t\t\t\t\t<section class=\"elementor-section elementor-top-section elementor-element elementor-element-9fcf706 elementor-section-full_width elementor-section-height-min-height elementor-section-height-default elementor-section-items-middle\" data-id=\"9fcf706\" data-element_type=\"section\" data-e-type=\"section\">\n\t\t\t\t\t\t<div class=\"elementor-container elementor-column-gap-default\">\n\t\t\t\t\t<div class=\"elementor-column elementor-col-100 elementor-top-column elementor-element elementor-element-3b792e32\" data-id=\"3b792e32\" data-element_type=\"column\" data-e-type=\"column\">\n\t\t\t<div class=\"elementor-widget-wrap elementor-element-populated\">\n\t\t\t\t\t\t\t<\/div>\n\t\t<\/div>\n\t\t\t\t\t<\/div>\n\t\t<\/section>\n\t\t\t\t<section class=\"elementor-section elementor-top-section elementor-element elementor-element-4839feef elementor-section-boxed elementor-section-height-default elementor-section-height-default\" data-id=\"4839feef\" data-element_type=\"section\" data-e-type=\"section\">\n\t\t\t\t\t\t<div class=\"elementor-container elementor-column-gap-default\">\n\t\t\t\t\t<div class=\"elementor-column elementor-col-100 elementor-top-column elementor-element elementor-element-51bbb12d\" data-id=\"51bbb12d\" data-element_type=\"column\" data-e-type=\"column\">\n\t\t\t<div class=\"elementor-widget-wrap elementor-element-populated\">\n\t\t\t\t\t\t<section class=\"elementor-section elementor-inner-section elementor-element elementor-element-1049e4b4 elementor-section-height-min-height elementor-section-content-middle elementor-section-boxed elementor-section-height-default\" data-id=\"1049e4b4\" data-element_type=\"section\" data-e-type=\"section\">\n\t\t\t\t\t\t<div class=\"elementor-container elementor-column-gap-no\">\n\t\t\t\t\t<div class=\"elementor-column elementor-col-50 elementor-inner-column elementor-element elementor-element-5916fa56\" data-id=\"5916fa56\" data-element_type=\"column\" data-e-type=\"column\" data-settings=\"{&quot;background_background&quot;:&quot;classic&quot;}\">\n\t\t\t<div class=\"elementor-widget-wrap elementor-element-populated\">\n\t\t\t\t\t\t<div class=\"elementor-element elementor-element-08d498e elementor-widget elementor-widget-heading\" data-id=\"08d498e\" data-element_type=\"widget\" data-e-type=\"widget\" data-widget_type=\"heading.default\">\n\t\t\t\t<div class=\"elementor-widget-container\">\n\t\t\t\t\t<h1 class=\"elementor-heading-title elementor-size-default\">IHR AUFENTHALT AUF DEM CAMPINGPLATZ XONRUPT-LONGEMER<\/h1>\t\t\t\t<\/div>\n\t\t\t\t<\/div>\n\t\t\t\t\t<\/div>\n\t\t<\/div>\n\t\t\t\t<div class=\"elementor-column elementor-col-50 elementor-inner-column elementor-element elementor-element-70901e55\" data-id=\"70901e55\" data-element_type=\"column\" data-e-type=\"column\" data-settings=\"{&quot;background_background&quot;:&quot;classic&quot;}\">\n\t\t\t<div class=\"elementor-widget-wrap elementor-element-populated\">\n\t\t\t\t\t\t<div class=\"elementor-element elementor-element-42066fe7 elementor-shape-circle elementor-grid-0 e-grid-align-center elementor-widget elementor-widget-social-icons\" data-id=\"42066fe7\" data-element_type=\"widget\" data-e-type=\"widget\" data-widget_type=\"social-icons.default\">\n\t\t\t\t<div class=\"elementor-widget-container\">\n\t\t\t\t\t\t\t<div class=\"elementor-social-icons-wrapper elementor-grid\" role=\"list\">\n\t\t\t\t\t\t\t<span class=\"elementor-grid-item\" role=\"listitem\">\n\t\t\t\t\t<a class=\"elementor-icon elementor-social-icon elementor-social-icon-facebook elementor-animation-grow elementor-repeater-item-1d9856f\" href=\"https:\/\/www.facebook.com\/lesjonquilles\/\" target=\"_blank\">\n\t\t\t\t\t\t<span class=\"elementor-screen-only\">Facebook<\/span>\n\t\t\t\t\t\t<i aria-hidden=\"true\" class=\"fab fa-facebook\"><\/i>\t\t\t\t\t<\/a>\n\t\t\t\t<\/span>\n\t\t\t\t\t\t\t<span class=\"elementor-grid-item\" role=\"listitem\">\n\t\t\t\t\t<a class=\"elementor-icon elementor-social-icon elementor-social-icon-twitter elementor-animation-grow elementor-repeater-item-0942cc1\" href=\"https:\/\/twitter.com\/campjonquilles?lang=fr\" target=\"_blank\">\n\t\t\t\t\t\t<span class=\"elementor-screen-only\">Twitter<\/span>\n\t\t\t\t\t\t<i aria-hidden=\"true\" class=\"fab fa-twitter\"><\/i>\t\t\t\t\t<\/a>\n\t\t\t\t<\/span>\n\t\t\t\t\t\t\t<span class=\"elementor-grid-item\" role=\"listitem\">\n\t\t\t\t\t<a class=\"elementor-icon elementor-social-icon elementor-social-icon-camera-retro elementor-animation-grow elementor-repeater-item-1f12d8d\" target=\"_blank\">\n\t\t\t\t\t\t<span class=\"elementor-screen-only\">Camera-retro<\/span>\n\t\t\t\t\t\t<i aria-hidden=\"true\" class=\"fas fa-camera-retro\"><\/i>\t\t\t\t\t<\/a>\n\t\t\t\t<\/span>\n\t\t\t\t\t<\/div>\n\t\t\t\t\t\t<\/div>\n\t\t\t\t<\/div>\n\t\t\t\t\t<\/div>\n\t\t<\/div>\n\t\t\t\t\t<\/div>\n\t\t<\/section>\n\t\t\t\t\t<\/div>\n\t\t<\/div>\n\t\t\t\t\t<\/div>\n\t\t<\/section>\n\t\t\t\t<section class=\"elementor-section elementor-top-section elementor-element elementor-element-9e25334 elementor-section-content-middle elementor-section-boxed elementor-section-height-default elementor-section-height-default\" data-id=\"9e25334\" data-element_type=\"section\" data-e-type=\"section\">\n\t\t\t\t\t\t<div class=\"elementor-container elementor-column-gap-default\">\n\t\t\t\t\t<div class=\"elementor-column elementor-col-50 elementor-top-column elementor-element elementor-element-e2e5726\" data-id=\"e2e5726\" data-element_type=\"column\" data-e-type=\"column\">\n\t\t\t<div class=\"elementor-widget-wrap elementor-element-populated\">\n\t\t\t\t\t\t<div class=\"elementor-element elementor-element-735801b elementor-widget elementor-widget-image\" data-id=\"735801b\" data-element_type=\"widget\" data-e-type=\"widget\" data-widget_type=\"image.default\">\n\t\t\t\t<div class=\"elementor-widget-container\">\n\t\t\t\t\t\t\t\t\t\t\t\t\t\t\t<img fetchpriority=\"high\" decoding=\"async\" width=\"1024\" height=\"685\" src=\"https:\/\/www.camping-jonquilles.com\/wp-content\/uploads\/2022\/08\/Les-emplacements-spacieux-et-verdoyant-aussi-bien-pour-caravane-camping-car-ou-tente--1024x685.jpg\" class=\"attachment-large size-large wp-image-344\" alt=\"\" srcset=\"https:\/\/www.camping-jonquilles.com\/wp-content\/uploads\/2022\/08\/Les-emplacements-spacieux-et-verdoyant-aussi-bien-pour-caravane-camping-car-ou-tente--1024x685.jpg.webp 1024w, https:\/\/www.camping-jonquilles.com\/wp-content\/uploads\/2022\/08\/Les-emplacements-spacieux-et-verdoyant-aussi-bien-pour-caravane-camping-car-ou-tente--300x201.jpg.webp 300w, https:\/\/www.camping-jonquilles.com\/wp-content\/uploads\/2022\/08\/Les-emplacements-spacieux-et-verdoyant-aussi-bien-pour-caravane-camping-car-ou-tente--768x514.jpg.webp 768w, https:\/\/www.camping-jonquilles.com\/wp-content\/uploads\/2022\/08\/Les-emplacements-spacieux-et-verdoyant-aussi-bien-pour-caravane-camping-car-ou-tente--1536x1028.jpg.webp 1536w, https:\/\/www.camping-jonquilles.com\/wp-content\/uploads\/2022\/08\/Les-emplacements-spacieux-et-verdoyant-aussi-bien-pour-caravane-camping-car-ou-tente-.jpg.webp 1920w\" sizes=\"(max-width: 1024px) 100vw, 1024px\" \/>\t\t\t\t\t\t\t\t\t\t\t\t\t\t\t<\/div>\n\t\t\t\t<\/div>\n\t\t\t\t\t<\/div>\n\t\t<\/div>\n\t\t\t\t<div class=\"elementor-column elementor-col-50 elementor-top-column elementor-element elementor-element-e19c1f3\" data-id=\"e19c1f3\" data-element_type=\"column\" data-e-type=\"column\">\n\t\t\t<div class=\"elementor-widget-wrap elementor-element-populated\">\n\t\t\t\t\t\t<div class=\"elementor-element elementor-element-dfdf563 elementor-widget elementor-widget-text-editor\" data-id=\"dfdf563\" data-element_type=\"widget\" data-e-type=\"widget\" data-widget_type=\"text-editor.default\">\n\t\t\t\t<div class=\"elementor-widget-container\">\n\t\t\t\t\t\t\t\t\t<p>Der Campingplatz Les Jonquilles befindet sich in Xonrupt Longemer auf einer H\u00f6he von 740 Metern auf einer Fl\u00e4che von 4 Hektar, die bis zu <strong>228 Pl\u00e4tz<\/strong>e mit einer Fl\u00e4che von 90 bis 110 m\u00b2 bietet. Es handelt sich um einen <strong>NATURCAMPINGPLATZ ohne Mobilheime.<\/strong><\/p>\n\t\t\t\t\t\t\t\t<\/div>\n\t\t\t\t<\/div>\n\t\t\t\t<div class=\"elementor-element elementor-element-13a11c1 elementor-widget elementor-widget-heading\" data-id=\"13a11c1\" data-element_type=\"widget\" data-e-type=\"widget\" data-widget_type=\"heading.default\">\n\t\t\t\t<div class=\"elementor-widget-container\">\n\t\t\t\t\t<h2 class=\"elementor-heading-title elementor-size-default\">FINDEN SIE AUF DEM CAMPINGPLATZ :<\/h2>\t\t\t\t<\/div>\n\t\t\t\t<\/div>\n\t\t\t\t<div class=\"elementor-element elementor-element-2b14f48 elementor-widget elementor-widget-text-editor\" data-id=\"2b14f48\" data-element_type=\"widget\" data-e-type=\"widget\" data-widget_type=\"text-editor.default\">\n\t\t\t\t<div class=\"elementor-widget-container\">\n\t\t\t\t\t\t\t\t\t<p>Waschk\u00fcche mit Waschmaschine und Trockner<br \/>Elektrischer Anschluss 6 Amp. (10 Amp. m\u00f6glich f\u00fcr Wohnmobile und Wohnwagen)<\/p>\n<p>Sie werden profitieren:<\/p>\n<p>Spielpl\u00e4tze mit Volleyballfeld und Bouleplatz, Wander- und Radwege&#8230;<\/p>\n\t\t\t\t\t\t\t\t<\/div>\n\t\t\t\t<\/div>\n\t\t\t\t\t<\/div>\n\t\t<\/div>\n\t\t\t\t\t<\/div>\n\t\t<\/section>\n\t\t\t\t<section class=\"elementor-section elementor-top-section elementor-element elementor-element-8f81870 elementor-section-boxed elementor-section-height-default elementor-section-height-default\" data-id=\"8f81870\" data-element_type=\"section\" data-e-type=\"section\">\n\t\t\t\t\t\t<div class=\"elementor-container elementor-column-gap-default\">\n\t\t\t\t\t<div class=\"elementor-column elementor-col-100 elementor-top-column elementor-element elementor-element-e41ba08\" data-id=\"e41ba08\" data-element_type=\"column\" data-e-type=\"column\">\n\t\t\t<div class=\"elementor-widget-wrap elementor-element-populated\">\n\t\t\t\t\t\t<div class=\"elementor-element elementor-element-4dd8706 elementor-widget elementor-widget-text-editor\" data-id=\"4dd8706\" data-element_type=\"widget\" data-e-type=\"widget\" data-widget_type=\"text-editor.default\">\n\t\t\t\t<div class=\"elementor-widget-container\">\n\t\t\t\t\t\t\t\t\t<p>Entdecken auch Sie die <strong>Stellpl\u00e4tze am Ufer eines wundersch\u00f6nen Sees in den Vogesen.<\/strong> Nat\u00fcrlicher Rahmen und <strong>hochwertige Dienstleistungen<\/strong> werden Ihnen nur wenige Minuten von der Perle der Vogesen entfernt angeboten. Wanderungen, Besichtigungen, Wassersportaktivit\u00e4ten nach eigenem Ermessen.<\/p>\n\t\t\t\t\t\t\t\t<\/div>\n\t\t\t\t<\/div>\n\t\t\t\t\t<\/div>\n\t\t<\/div>\n\t\t\t\t\t<\/div>\n\t\t<\/section>\n\t\t\t\t<section class=\"elementor-section elementor-top-section elementor-element elementor-element-d5c768f elementor-section-boxed elementor-section-height-default elementor-section-height-default\" data-id=\"d5c768f\" data-element_type=\"section\" data-e-type=\"section\">\n\t\t\t\t\t\t<div class=\"elementor-container elementor-column-gap-default\">\n\t\t\t\t\t<div class=\"elementor-column elementor-col-100 elementor-top-column elementor-element elementor-element-9bb9815\" data-id=\"9bb9815\" data-element_type=\"column\" data-e-type=\"column\">\n\t\t\t<div class=\"elementor-widget-wrap elementor-element-populated\">\n\t\t\t\t\t\t<div class=\"elementor-element elementor-element-3577b7a elementor-widget elementor-widget-html\" data-id=\"3577b7a\" data-element_type=\"widget\" data-e-type=\"widget\" data-widget_type=\"html.default\">\n\t\t\t\t<div class=\"elementor-widget-container\">\n\t\t\t\t\t<thr-simpleblock category-type=\"both\"><\/thr-simpleblock>\t\t\t\t<\/div>\n\t\t\t\t<\/div>\n\t\t\t\t\t<\/div>\n\t\t<\/div>\n\t\t\t\t\t<\/div>\n\t\t<\/section>\n\t\t\t\t<\/div>\n\t\t","protected":false},"excerpt":{"rendered":"<p>IHR AUFENTHALT AUF DEM CAMPINGPLATZ XONRUPT-LONGEMER Facebook Twitter Camera-retro Der Campingplatz Les Jonquilles befindet sich in Xonrupt Longemer auf einer H\u00f6he von 740 Metern auf einer Fl\u00e4che von 4 Hektar, die bis zu 228 Pl\u00e4tze mit einer Fl\u00e4che von 90 bis 110 m\u00b2 bietet. Es handelt sich um einen NATURCAMPINGPLATZ ohne Mobilheime. FINDEN SIE AUF [&hellip;]<\/p>\n","protected":false},"author":1,"featured_media":0,"parent":0,"menu_order":0,"comment_status":"closed","ping_status":"closed","template":"","meta":{"ocean_post_layout":"full-screen","ocean_both_sidebars_style":"","ocean_both_sidebars_content_width":0,"ocean_both_sidebars_sidebars_width":0,"ocean_sidebar":"0","ocean_second_sidebar":"0","ocean_disable_margins":"enable","ocean_add_body_class":"","ocean_shortcode_before_top_bar":"","ocean_shortcode_after_top_bar":"","ocean_shortcode_before_header":"","ocean_shortcode_after_header":"","ocean_has_shortcode":"","ocean_shortcode_after_title":"","ocean_shortcode_before_footer_widgets":"","ocean_shortcode_after_footer_widgets":"","ocean_shortcode_before_footer_bottom":"","ocean_shortcode_after_footer_bottom":"","ocean_display_top_bar":"default","ocean_display_header":"default","ocean_header_style":"","ocean_center_header_left_menu":"0","ocean_custom_header_template":"0","ocean_custom_logo":0,"ocean_custom_retina_logo":0,"ocean_custom_logo_max_width":0,"ocean_custom_logo_tablet_max_width":0,"ocean_custom_logo_mobile_max_width":0,"ocean_custom_logo_max_height":0,"ocean_custom_logo_tablet_max_height":0,"ocean_custom_logo_mobile_max_height":0,"ocean_header_custom_menu":"0","ocean_menu_typo_font_family":"0","ocean_menu_typo_font_subset":"","ocean_menu_typo_font_size":0,"ocean_menu_typo_font_size_tablet":0,"ocean_menu_typo_font_size_mobile":0,"ocean_menu_typo_font_size_unit":"px","ocean_menu_typo_font_weight":"","ocean_menu_typo_font_weight_tablet":"","ocean_menu_typo_font_weight_mobile":"","ocean_menu_typo_transform":"","ocean_menu_typo_transform_tablet":"","ocean_menu_typo_transform_mobile":"","ocean_menu_typo_line_height":0,"ocean_menu_typo_line_height_tablet":0,"ocean_menu_typo_line_height_mobile":0,"ocean_menu_typo_line_height_unit":"","ocean_menu_typo_spacing":0,"ocean_menu_typo_spacing_tablet":0,"ocean_menu_typo_spacing_mobile":0,"ocean_menu_typo_spacing_unit":"","ocean_menu_link_color":"","ocean_menu_link_color_hover":"","ocean_menu_link_color_active":"","ocean_menu_link_background":"","ocean_menu_link_hover_background":"","ocean_menu_link_active_background":"","ocean_menu_social_links_bg":"","ocean_menu_social_hover_links_bg":"","ocean_menu_social_links_color":"","ocean_menu_social_hover_links_color":"","ocean_disable_title":"on","ocean_disable_heading":"default","ocean_post_title":"","ocean_post_subheading":"","ocean_post_title_style":"","ocean_post_title_background_color":"","ocean_post_title_background":0,"ocean_post_title_bg_image_position":"","ocean_post_title_bg_image_attachment":"","ocean_post_title_bg_image_repeat":"","ocean_post_title_bg_image_size":"","ocean_post_title_height":0,"ocean_post_title_bg_overlay":0.5,"ocean_post_title_bg_overlay_color":"","ocean_disable_breadcrumbs":"default","ocean_breadcrumbs_color":"","ocean_breadcrumbs_separator_color":"","ocean_breadcrumbs_links_color":"","ocean_breadcrumbs_links_hover_color":"","ocean_display_footer_widgets":"default","ocean_display_footer_bottom":"default","ocean_custom_footer_template":"0","osh_disable_topbar_sticky":"default","osh_disable_header_sticky":"default","osh_sticky_header_style":"default","osh_sticky_header_effect":"","osh_custom_sticky_logo":0,"osh_custom_retina_sticky_logo":0,"osh_custom_sticky_logo_height":0,"osh_background_color":"","osh_links_color":"","osh_links_hover_color":"","osh_links_active_color":"","osh_links_bg_color":"","osh_links_hover_bg_color":"","osh_links_active_bg_color":"","osh_menu_social_links_color":"","osh_menu_social_hover_links_color":"","footnotes":""},"class_list":["post-608","page","type-page","status-publish","hentry","entry"],"yoast_head":"<!-- This site is optimized with the Yoast SEO plugin v27.4 - https:\/\/yoast.com\/product\/yoast-seo-wordpress\/ -->\n<title>Campingplatz les Jonquilles in Xonrupt Longemer<\/title>\n<meta name=\"description\" content=\"Aktivit\u00e4ten und Vorteile des Campingplatzes les jonquilles, 5 Minuten von G\u00e9rardmer entfernt\" \/>\n<meta name=\"robots\" content=\"index, follow, max-snippet:-1, max-image-preview:large, max-video-preview:-1\" \/>\n<link rel=\"canonical\" href=\"https:\/\/www.camping-jonquilles.com\/de\/campingplatz\/\" \/>\n<meta property=\"og:locale\" content=\"de_DE\" \/>\n<meta property=\"og:type\" content=\"article\" \/>\n<meta property=\"og:title\" content=\"Campingplatz les Jonquilles in Xonrupt Longemer\" \/>\n<meta property=\"og:description\" content=\"Aktivit\u00e4ten und Vorteile des Campingplatzes les jonquilles, 5 Minuten von G\u00e9rardmer entfernt\" \/>\n<meta property=\"og:url\" content=\"https:\/\/www.camping-jonquilles.com\/de\/campingplatz\/\" \/>\n<meta property=\"og:site_name\" content=\"Camping les Jonquilles Vosges - Xonrupt - Gerardmer\" \/>\n<meta property=\"article:modified_time\" content=\"2022-10-20T15:32:45+00:00\" \/>\n<meta property=\"og:image\" content=\"https:\/\/www.camping-jonquilles.com\/wp-content\/uploads\/2022\/08\/Les-emplacements-spacieux-et-verdoyant-aussi-bien-pour-caravane-camping-car-ou-tente--1024x685.jpg\" \/>\n<meta name=\"twitter:card\" content=\"summary_large_image\" \/>\n<meta name=\"twitter:label1\" content=\"Gesch\u00e4tzte Lesezeit\" \/>\n\t<meta name=\"twitter:data1\" content=\"1\u00a0Minute\" \/>\n<script type=\"application\/ld+json\" class=\"yoast-schema-graph\">{\"@context\":\"https:\\\/\\\/schema.org\",\"@graph\":[{\"@type\":\"WebPage\",\"@id\":\"https:\\\/\\\/www.camping-jonquilles.com\\\/de\\\/campingplatz\\\/\",\"url\":\"https:\\\/\\\/www.camping-jonquilles.com\\\/de\\\/campingplatz\\\/\",\"name\":\"Campingplatz les Jonquilles in Xonrupt Longemer\",\"isPartOf\":{\"@id\":\"https:\\\/\\\/www.camping-jonquilles.com\\\/de\\\/#website\"},\"primaryImageOfPage\":{\"@id\":\"https:\\\/\\\/www.camping-jonquilles.com\\\/de\\\/campingplatz\\\/#primaryimage\"},\"image\":{\"@id\":\"https:\\\/\\\/www.camping-jonquilles.com\\\/de\\\/campingplatz\\\/#primaryimage\"},\"thumbnailUrl\":\"https:\\\/\\\/www.camping-jonquilles.com\\\/wp-content\\\/uploads\\\/2022\\\/08\\\/Les-emplacements-spacieux-et-verdoyant-aussi-bien-pour-caravane-camping-car-ou-tente--1024x685.jpg\",\"datePublished\":\"2022-08-01T11:55:53+00:00\",\"dateModified\":\"2022-10-20T15:32:45+00:00\",\"description\":\"Aktivit\u00e4ten und Vorteile des Campingplatzes les jonquilles, 5 Minuten von G\u00e9rardmer entfernt\",\"breadcrumb\":{\"@id\":\"https:\\\/\\\/www.camping-jonquilles.com\\\/de\\\/campingplatz\\\/#breadcrumb\"},\"inLanguage\":\"de\",\"potentialAction\":[{\"@type\":\"ReadAction\",\"target\":[\"https:\\\/\\\/www.camping-jonquilles.com\\\/de\\\/campingplatz\\\/\"]}]},{\"@type\":\"ImageObject\",\"inLanguage\":\"de\",\"@id\":\"https:\\\/\\\/www.camping-jonquilles.com\\\/de\\\/campingplatz\\\/#primaryimage\",\"url\":\"https:\\\/\\\/www.camping-jonquilles.com\\\/wp-content\\\/uploads\\\/2022\\\/08\\\/Les-emplacements-spacieux-et-verdoyant-aussi-bien-pour-caravane-camping-car-ou-tente--1024x685.jpg\",\"contentUrl\":\"https:\\\/\\\/www.camping-jonquilles.com\\\/wp-content\\\/uploads\\\/2022\\\/08\\\/Les-emplacements-spacieux-et-verdoyant-aussi-bien-pour-caravane-camping-car-ou-tente--1024x685.jpg\"},{\"@type\":\"BreadcrumbList\",\"@id\":\"https:\\\/\\\/www.camping-jonquilles.com\\\/de\\\/campingplatz\\\/#breadcrumb\",\"itemListElement\":[{\"@type\":\"ListItem\",\"position\":1,\"name\":\"Accueil\",\"item\":\"https:\\\/\\\/www.camping-jonquilles.com\\\/de\\\/startseite\\\/\"},{\"@type\":\"ListItem\",\"position\":2,\"name\":\"Campingplatz\"}]},{\"@type\":\"WebSite\",\"@id\":\"https:\\\/\\\/www.camping-jonquilles.com\\\/de\\\/#website\",\"url\":\"https:\\\/\\\/www.camping-jonquilles.com\\\/de\\\/\",\"name\":\"Camping les Jonquilles Vosges - Xonrupt - Gerardmer\",\"description\":\"Camping Nature sans Mobil home au bord du lac de Xonrupt Longemer \u00e0 10 minutes de G\u00e9rardmer\",\"publisher\":{\"@id\":\"https:\\\/\\\/www.camping-jonquilles.com\\\/de\\\/#organization\"},\"potentialAction\":[{\"@type\":\"SearchAction\",\"target\":{\"@type\":\"EntryPoint\",\"urlTemplate\":\"https:\\\/\\\/www.camping-jonquilles.com\\\/de\\\/?s={search_term_string}\"},\"query-input\":{\"@type\":\"PropertyValueSpecification\",\"valueRequired\":true,\"valueName\":\"search_term_string\"}}],\"inLanguage\":\"de\"},{\"@type\":\"Organization\",\"@id\":\"https:\\\/\\\/www.camping-jonquilles.com\\\/de\\\/#organization\",\"name\":\"Camping les Jonquilles Vosges - Xonrupt - Gerardmer\",\"url\":\"https:\\\/\\\/www.camping-jonquilles.com\\\/de\\\/\",\"logo\":{\"@type\":\"ImageObject\",\"inLanguage\":\"de\",\"@id\":\"https:\\\/\\\/www.camping-jonquilles.com\\\/de\\\/#\\\/schema\\\/logo\\\/image\\\/\",\"url\":\"https:\\\/\\\/www.camping-jonquilles.com\\\/wp-content\\\/uploads\\\/2022\\\/07\\\/logo-camping-jonquilles.png\",\"contentUrl\":\"https:\\\/\\\/www.camping-jonquilles.com\\\/wp-content\\\/uploads\\\/2022\\\/07\\\/logo-camping-jonquilles.png\",\"width\":253,\"height\":214,\"caption\":\"Camping les Jonquilles Vosges - Xonrupt - Gerardmer\"},\"image\":{\"@id\":\"https:\\\/\\\/www.camping-jonquilles.com\\\/de\\\/#\\\/schema\\\/logo\\\/image\\\/\"}}]}<\/script>\n<!-- \/ Yoast SEO plugin. -->","yoast_head_json":{"title":"Campingplatz les Jonquilles in Xonrupt Longemer","description":"Aktivit\u00e4ten und Vorteile des Campingplatzes les jonquilles, 5 Minuten von G\u00e9rardmer entfernt","robots":{"index":"index","follow":"follow","max-snippet":"max-snippet:-1","max-image-preview":"max-image-preview:large","max-video-preview":"max-video-preview:-1"},"canonical":"https:\/\/www.camping-jonquilles.com\/de\/campingplatz\/","og_locale":"de_DE","og_type":"article","og_title":"Campingplatz les Jonquilles in Xonrupt Longemer","og_description":"Aktivit\u00e4ten und Vorteile des Campingplatzes les jonquilles, 5 Minuten von G\u00e9rardmer entfernt","og_url":"https:\/\/www.camping-jonquilles.com\/de\/campingplatz\/","og_site_name":"Camping les Jonquilles Vosges - Xonrupt - Gerardmer","article_modified_time":"2022-10-20T15:32:45+00:00","og_image":[{"url":"https:\/\/www.camping-jonquilles.com\/wp-content\/uploads\/2022\/08\/Les-emplacements-spacieux-et-verdoyant-aussi-bien-pour-caravane-camping-car-ou-tente--1024x685.jpg","type":"","width":"","height":""}],"twitter_card":"summary_large_image","twitter_misc":{"Gesch\u00e4tzte Lesezeit":"1\u00a0Minute"},"schema":{"@context":"https:\/\/schema.org","@graph":[{"@type":"WebPage","@id":"https:\/\/www.camping-jonquilles.com\/de\/campingplatz\/","url":"https:\/\/www.camping-jonquilles.com\/de\/campingplatz\/","name":"Campingplatz les Jonquilles in Xonrupt Longemer","isPartOf":{"@id":"https:\/\/www.camping-jonquilles.com\/de\/#website"},"primaryImageOfPage":{"@id":"https:\/\/www.camping-jonquilles.com\/de\/campingplatz\/#primaryimage"},"image":{"@id":"https:\/\/www.camping-jonquilles.com\/de\/campingplatz\/#primaryimage"},"thumbnailUrl":"https:\/\/www.camping-jonquilles.com\/wp-content\/uploads\/2022\/08\/Les-emplacements-spacieux-et-verdoyant-aussi-bien-pour-caravane-camping-car-ou-tente--1024x685.jpg","datePublished":"2022-08-01T11:55:53+00:00","dateModified":"2022-10-20T15:32:45+00:00","description":"Aktivit\u00e4ten und Vorteile des Campingplatzes les jonquilles, 5 Minuten von G\u00e9rardmer entfernt","breadcrumb":{"@id":"https:\/\/www.camping-jonquilles.com\/de\/campingplatz\/#breadcrumb"},"inLanguage":"de","potentialAction":[{"@type":"ReadAction","target":["https:\/\/www.camping-jonquilles.com\/de\/campingplatz\/"]}]},{"@type":"ImageObject","inLanguage":"de","@id":"https:\/\/www.camping-jonquilles.com\/de\/campingplatz\/#primaryimage","url":"https:\/\/www.camping-jonquilles.com\/wp-content\/uploads\/2022\/08\/Les-emplacements-spacieux-et-verdoyant-aussi-bien-pour-caravane-camping-car-ou-tente--1024x685.jpg","contentUrl":"https:\/\/www.camping-jonquilles.com\/wp-content\/uploads\/2022\/08\/Les-emplacements-spacieux-et-verdoyant-aussi-bien-pour-caravane-camping-car-ou-tente--1024x685.jpg"},{"@type":"BreadcrumbList","@id":"https:\/\/www.camping-jonquilles.com\/de\/campingplatz\/#breadcrumb","itemListElement":[{"@type":"ListItem","position":1,"name":"Accueil","item":"https:\/\/www.camping-jonquilles.com\/de\/startseite\/"},{"@type":"ListItem","position":2,"name":"Campingplatz"}]},{"@type":"WebSite","@id":"https:\/\/www.camping-jonquilles.com\/de\/#website","url":"https:\/\/www.camping-jonquilles.com\/de\/","name":"Camping les Jonquilles Vosges - Xonrupt - Gerardmer","description":"Camping Nature sans Mobil home au bord du lac de Xonrupt Longemer \u00e0 10 minutes de G\u00e9rardmer","publisher":{"@id":"https:\/\/www.camping-jonquilles.com\/de\/#organization"},"potentialAction":[{"@type":"SearchAction","target":{"@type":"EntryPoint","urlTemplate":"https:\/\/www.camping-jonquilles.com\/de\/?s={search_term_string}"},"query-input":{"@type":"PropertyValueSpecification","valueRequired":true,"valueName":"search_term_string"}}],"inLanguage":"de"},{"@type":"Organization","@id":"https:\/\/www.camping-jonquilles.com\/de\/#organization","name":"Camping les Jonquilles Vosges - Xonrupt - Gerardmer","url":"https:\/\/www.camping-jonquilles.com\/de\/","logo":{"@type":"ImageObject","inLanguage":"de","@id":"https:\/\/www.camping-jonquilles.com\/de\/#\/schema\/logo\/image\/","url":"https:\/\/www.camping-jonquilles.com\/wp-content\/uploads\/2022\/07\/logo-camping-jonquilles.png","contentUrl":"https:\/\/www.camping-jonquilles.com\/wp-content\/uploads\/2022\/07\/logo-camping-jonquilles.png","width":253,"height":214,"caption":"Camping les Jonquilles Vosges - Xonrupt - Gerardmer"},"image":{"@id":"https:\/\/www.camping-jonquilles.com\/de\/#\/schema\/logo\/image\/"}}]}},"_links":{"self":[{"href":"https:\/\/www.camping-jonquilles.com\/de\/wp-json\/wp\/v2\/pages\/608","targetHints":{"allow":["GET"]}}],"collection":[{"href":"https:\/\/www.camping-jonquilles.com\/de\/wp-json\/wp\/v2\/pages"}],"about":[{"href":"https:\/\/www.camping-jonquilles.com\/de\/wp-json\/wp\/v2\/types\/page"}],"author":[{"embeddable":true,"href":"https:\/\/www.camping-jonquilles.com\/de\/wp-json\/wp\/v2\/users\/1"}],"replies":[{"embeddable":true,"href":"https:\/\/www.camping-jonquilles.com\/de\/wp-json\/wp\/v2\/comments?post=608"}],"version-history":[{"count":2,"href":"https:\/\/www.camping-jonquilles.com\/de\/wp-json\/wp\/v2\/pages\/608\/revisions"}],"predecessor-version":[{"id":857,"href":"https:\/\/www.camping-jonquilles.com\/de\/wp-json\/wp\/v2\/pages\/608\/revisions\/857"}],"wp:attachment":[{"href":"https:\/\/www.camping-jonquilles.com\/de\/wp-json\/wp\/v2\/media?parent=608"}],"curies":[{"name":"wp","href":"https:\/\/api.w.org\/{rel}","templated":true}]}}